{"id":35172,"date":"2018-10-28T07:02:19","date_gmt":"2018-10-28T11:02:19","guid":{"rendered":"https:\/\/www.intoxicatedonlife.com\/store\/?post_type=product&#038;p=35172"},"modified":"2026-02-15T21:30:11","modified_gmt":"2026-02-16T01:30:11","slug":"cambios-7-lecciones-biblicas-para-entender-la-pubertad","status":"publish","type":"product","link":"https:\/\/www.intoxicatedonlife.com\/store\/product\/cambios-7-lecciones-biblicas-para-entender-la-pubertad\/","title":{"rendered":"{Libro 2} Cambios: 7 Lecciones bi\u0301blicas para entender la pubertad"},"content":{"rendered":"<p style=\"padding-left: 30px;\">&#8220;Sus hijos, primeramente, aprender\u00e1n sobre la pubertad durante el receso en la escuela y en la parte posterior del autob\u00fas escolar en el camino a casa o lo aprender\u00e1n de la Biblia y de sus padres; es su decisi\u00f3n. <em>Cambios<\/em> ofrecen una manera s\u00f3lida y f\u00e1cil de seguir la gu\u00eda b\u00edblica la cual hace el trabajo duro por ti.&#8221; \u2013 Noah Filipiak, Teaching pastor, Crossroads Church in Lansing, MI<\/p>\n<p>La pubertad puede ser un tiempo dif\u00edcil y vergonzoso para muchos ni\u00f1os, pero como padres cristianos, nos podemos preparar para los cambios por venir, para dar a nuestros hijos un entendimiento b\u00edblico del prop\u00f3sito soberano de Dios en el dise\u00f1o de sus mentes y cuerpos cambiantes. <em>Cambios<\/em>, es una serie de 7 lecciones b\u00edblicas dise\u00f1adas para ayudar a los padres en como hablar con sus hijos acerca de la pubertad desde la perspectiva de Dios.<\/p>\n<ul>\n<li><strong>La lecci\u00f3n 1<\/strong> da un vistazo a los a\u00f1os de adolescencia de Jes\u00fas hablando de como la cultura en la que \u00c9l vivi\u00f3 reconoc\u00eda la pubertad como una fase importante en el desarrollo f\u00edsico y espiritual de las personas. La meta de esta lecci\u00f3n es ayudar a tu hijo a ver estos cambios no como algo bizarro, sino como algo bueno lo cual a\u00fan el Hijo de Dios tuvo que vivir.<\/li>\n<li><strong>La Lecci\u00f3n 2<\/strong> da un vistazo al proceso de cambio en el cuerpo humano en toda una vida. La pubertad es simplemente una de estas m\u00faltiples fases significativas que hombres y mujeres tienen que atravesar mientras envejecen. Los cambios f\u00edsicos son una parte normal de la vida y no hay porque tener miedo.<\/li>\n<li><strong>La lecci\u00f3n 3<\/strong> aborda los cambios mentales y emocionales durante la pubertad como tambi\u00e9n el catalizador interno de cambio en nuestros cuerpos: Las hormonas. La meta de esta lecci\u00f3n es ense\u00f1ar a los ni\u00f1os que existen mecanismos naturales internos en el cuerpo que gu\u00edan el proceso de la pubertad &#8211; creados con el amor sabio del soberano Dios.<\/li>\n<li><strong>La lecci\u00f3n 4<\/strong> observa de forma general los cambios f\u00edsicos que ocurren com\u00fanmente en chicos y chicas incluyendo cambios b\u00e1sicos tales como en la estatura, el cabello, el olor, el acn\u00e9 etc. Todo esto es una parte natural de la transici\u00f3n hacia la adultez.<\/li>\n<li><strong>La lecci\u00f3n 5<\/strong> revisa los cambios que toman lugar en las ni\u00f1as durante la pubertad, tales como dep\u00f3sitos de grasa, desarrollo de los senos y la menstruaci\u00f3n. Estos cambios son una parte natural de lo que se significa ser femenina.<\/li>\n<li><strong>La lecci\u00f3n 6<\/strong> es sobre los cambios en los chicos tales como incremento muscular, cabello facial, cambios en la voz, crecimiento testicular y la eyaculaci\u00f3n. Estos cambios son algo natural de lo que significa ser masculino.<\/li>\n<li><strong>La lecci\u00f3n 7<\/strong> ahondar\u00e1 en lo que es la atracci\u00f3n f\u00edsica. La Biblia describe la atracci\u00f3n f\u00edsica como muy buena y muy poderosa. Nuestros j\u00f3venes necesitan entender ambas cosas, lo bueno de ello junto con lo poderoso, para que puedan ser buenos mayordomos de su desarrollo sexual durante la pubertad.<\/li>\n<\/ul>\n","protected":false},"excerpt":{"rendered":"<p><em>Cambios<\/em>, fue escrito para que los padres lo lean con sus hijos de 8 a 12 a\u00f1os, d\u00e1ndole a los preadolescentes un entendimiento de la pubertad en el sentido b\u00edblico y biol\u00f3gico.<\/p>\n","protected":false},"featured_media":40372,"comment_status":"open","ping_status":"closed","template":"","meta":{"_acf_changed":false,"_et_pb_use_builder":"","_et_pb_old_content":"","_et_gb_content_width":"","_genesis_hide_title":false,"_genesis_hide_breadcrumbs":false,"_genesis_hide_singular_image":false,"_genesis_hide_footer_widgets":false,"_genesis_custom_body_class":"","_genesis_custom_post_class":"","_genesis_layout":""},"product_brand":[],"product_cat":[132,221],"product_tag":[],"class_list":{"0":"post-35172","1":"product","2":"type-product","3":"status-publish","4":"has-post-thumbnail","6":"product_cat-sex-ed","7":"product_cat-sex-ed-series-spanish","8":"post","9":"entry","11":"first","12":"instock","13":"taxable","14":"shipping-taxable","15":"purchasable","16":"product-type-variable"},"bundled_by":[],"bundle_stock_status":"instock","bundle_stock_quantity":null,"bundle_virtual":false,"bundle_layout":"","bundle_add_to_cart_form_location":"","bundle_editable_in_cart":false,"bundle_sold_individually_context":"","bundle_item_grouping":"","bundle_min_size":"","bundle_max_size":"","bundle_price":[],"bundled_items":[],"bundle_sell_ids":[],"acf":[],"yoast_head":"<!-- This site is optimized with the Yoast SEO plugin v27.3 - https:\/\/yoast.com\/product\/yoast-seo-wordpress\/ -->\n<title>{Libro 2} Cambios: 7 Lecciones bi\u0301blicas para entender la pubertad<\/title>\n<meta name=\"description\" content=\"Cambios, fue escrito para que los padres lo lean con sus hijos de 8 a 12 a\u00f1os, d\u00e1ndole a los preadolescentes un entendimiento de la pubertad en el sentido b\u00edblico y biol\u00f3gico.\" \/>\n<meta name=\"robots\" content=\"index, follow, max-snippet:-1, max-image-preview:large, max-video-preview:-1\" \/>\n<link rel=\"canonical\" href=\"https:\/\/www.intoxicatedonlife.com\/store\/product\/cambios-7-lecciones-biblicas-para-entender-la-pubertad\/\" \/>\n<meta property=\"og:locale\" content=\"en_US\" \/>\n<meta property=\"og:type\" content=\"article\" \/>\n<meta property=\"og:title\" content=\"{Libro 2} Cambios: 7 Lecciones bi\u0301blicas para entender la pubertad\" \/>\n<meta property=\"og:description\" content=\"Cambios, fue escrito para que los padres lo lean con sus hijos de 8 a 12 a\u00f1os, d\u00e1ndole a los preadolescentes un entendimiento de la pubertad en el sentido b\u00edblico y biol\u00f3gico.\" \/>\n<meta property=\"og:url\" content=\"https:\/\/www.intoxicatedonlife.com\/store\/product\/cambios-7-lecciones-biblicas-para-entender-la-pubertad\/\" \/>\n<meta property=\"og:site_name\" content=\"Intoxicated on Life Store\" \/>\n<meta property=\"article:modified_time\" content=\"2026-02-16T01:30:11+00:00\" \/>\n<meta property=\"og:image\" content=\"https:\/\/www.intoxicatedonlife.com\/store\/wp-content\/uploads\/2018\/10\/Cambios.jpg\" \/>\n\t<meta property=\"og:image:width\" content=\"700\" \/>\n\t<meta property=\"og:image:height\" content=\"700\" \/>\n\t<meta property=\"og:image:type\" content=\"image\/jpeg\" \/>\n<meta name=\"twitter:card\" content=\"summary_large_image\" \/>\n<meta name=\"twitter:label1\" content=\"Est. reading time\" \/>\n\t<meta name=\"twitter:data1\" content=\"3 minutes\" \/>\n<script type=\"application\/ld+json\" class=\"yoast-schema-graph\">{\"@context\":\"https:\\\/\\\/schema.org\",\"@graph\":[{\"@type\":\"WebPage\",\"@id\":\"https:\\\/\\\/www.intoxicatedonlife.com\\\/store\\\/product\\\/cambios-7-lecciones-biblicas-para-entender-la-pubertad\\\/\",\"url\":\"https:\\\/\\\/www.intoxicatedonlife.com\\\/store\\\/product\\\/cambios-7-lecciones-biblicas-para-entender-la-pubertad\\\/\",\"name\":\"{Libro 2} Cambios: 7 Lecciones bi\u0301blicas para entender la pubertad\",\"isPartOf\":{\"@id\":\"https:\\\/\\\/www.intoxicatedonlife.com\\\/store\\\/#website\"},\"primaryImageOfPage\":{\"@id\":\"https:\\\/\\\/www.intoxicatedonlife.com\\\/store\\\/product\\\/cambios-7-lecciones-biblicas-para-entender-la-pubertad\\\/#primaryimage\"},\"image\":{\"@id\":\"https:\\\/\\\/www.intoxicatedonlife.com\\\/store\\\/product\\\/cambios-7-lecciones-biblicas-para-entender-la-pubertad\\\/#primaryimage\"},\"thumbnailUrl\":\"https:\\\/\\\/www.intoxicatedonlife.com\\\/store\\\/wp-content\\\/uploads\\\/2018\\\/10\\\/Cambios.jpg\",\"datePublished\":\"2018-10-28T11:02:19+00:00\",\"dateModified\":\"2026-02-16T01:30:11+00:00\",\"description\":\"Cambios, fue escrito para que los padres lo lean con sus hijos de 8 a 12 a\u00f1os, d\u00e1ndole a los preadolescentes un entendimiento de la pubertad en el sentido b\u00edblico y biol\u00f3gico.\",\"breadcrumb\":{\"@id\":\"https:\\\/\\\/www.intoxicatedonlife.com\\\/store\\\/product\\\/cambios-7-lecciones-biblicas-para-entender-la-pubertad\\\/#breadcrumb\"},\"inLanguage\":\"en-US\",\"potentialAction\":[{\"@type\":\"ReadAction\",\"target\":[\"https:\\\/\\\/www.intoxicatedonlife.com\\\/store\\\/product\\\/cambios-7-lecciones-biblicas-para-entender-la-pubertad\\\/\"]}]},{\"@type\":\"ImageObject\",\"inLanguage\":\"en-US\",\"@id\":\"https:\\\/\\\/www.intoxicatedonlife.com\\\/store\\\/product\\\/cambios-7-lecciones-biblicas-para-entender-la-pubertad\\\/#primaryimage\",\"url\":\"https:\\\/\\\/www.intoxicatedonlife.com\\\/store\\\/wp-content\\\/uploads\\\/2018\\\/10\\\/Cambios.jpg\",\"contentUrl\":\"https:\\\/\\\/www.intoxicatedonlife.com\\\/store\\\/wp-content\\\/uploads\\\/2018\\\/10\\\/Cambios.jpg\",\"width\":700,\"height\":700},{\"@type\":\"BreadcrumbList\",\"@id\":\"https:\\\/\\\/www.intoxicatedonlife.com\\\/store\\\/product\\\/cambios-7-lecciones-biblicas-para-entender-la-pubertad\\\/#breadcrumb\",\"itemListElement\":[{\"@type\":\"ListItem\",\"position\":1,\"name\":\"Home\",\"item\":\"https:\\\/\\\/www.intoxicatedonlife.com\\\/store\\\/\"},{\"@type\":\"ListItem\",\"position\":2,\"name\":\"Shop\",\"item\":\"https:\\\/\\\/www.intoxicatedonlife.com\\\/store\\\/shop\\\/\"},{\"@type\":\"ListItem\",\"position\":3,\"name\":\"{Libro 2} Cambios: 7 Lecciones bi\u0301blicas para entender la pubertad\"}]},{\"@type\":\"WebSite\",\"@id\":\"https:\\\/\\\/www.intoxicatedonlife.com\\\/store\\\/#website\",\"url\":\"https:\\\/\\\/www.intoxicatedonlife.com\\\/store\\\/\",\"name\":\"Intoxicated on Life Store\",\"description\":\"Resources for Raising Strong Families\",\"potentialAction\":[{\"@type\":\"SearchAction\",\"target\":{\"@type\":\"EntryPoint\",\"urlTemplate\":\"https:\\\/\\\/www.intoxicatedonlife.com\\\/store\\\/?s={search_term_string}\"},\"query-input\":{\"@type\":\"PropertyValueSpecification\",\"valueRequired\":true,\"valueName\":\"search_term_string\"}}],\"inLanguage\":\"en-US\"}]}<\/script>\n<!-- \/ Yoast SEO plugin. -->","yoast_head_json":{"title":"{Libro 2} Cambios: 7 Lecciones bi\u0301blicas para entender la pubertad","description":"Cambios, fue escrito para que los padres lo lean con sus hijos de 8 a 12 a\u00f1os, d\u00e1ndole a los preadolescentes un entendimiento de la pubertad en el sentido b\u00edblico y biol\u00f3gico.","robots":{"index":"index","follow":"follow","max-snippet":"max-snippet:-1","max-image-preview":"max-image-preview:large","max-video-preview":"max-video-preview:-1"},"canonical":"https:\/\/www.intoxicatedonlife.com\/store\/product\/cambios-7-lecciones-biblicas-para-entender-la-pubertad\/","og_locale":"en_US","og_type":"article","og_title":"{Libro 2} Cambios: 7 Lecciones bi\u0301blicas para entender la pubertad","og_description":"Cambios, fue escrito para que los padres lo lean con sus hijos de 8 a 12 a\u00f1os, d\u00e1ndole a los preadolescentes un entendimiento de la pubertad en el sentido b\u00edblico y biol\u00f3gico.","og_url":"https:\/\/www.intoxicatedonlife.com\/store\/product\/cambios-7-lecciones-biblicas-para-entender-la-pubertad\/","og_site_name":"Intoxicated on Life Store","article_modified_time":"2026-02-16T01:30:11+00:00","og_image":[{"width":700,"height":700,"url":"https:\/\/www.intoxicatedonlife.com\/store\/wp-content\/uploads\/2018\/10\/Cambios.jpg","type":"image\/jpeg"}],"twitter_card":"summary_large_image","twitter_misc":{"Est. reading time":"3 minutes"},"schema":{"@context":"https:\/\/schema.org","@graph":[{"@type":"WebPage","@id":"https:\/\/www.intoxicatedonlife.com\/store\/product\/cambios-7-lecciones-biblicas-para-entender-la-pubertad\/","url":"https:\/\/www.intoxicatedonlife.com\/store\/product\/cambios-7-lecciones-biblicas-para-entender-la-pubertad\/","name":"{Libro 2} Cambios: 7 Lecciones bi\u0301blicas para entender la pubertad","isPartOf":{"@id":"https:\/\/www.intoxicatedonlife.com\/store\/#website"},"primaryImageOfPage":{"@id":"https:\/\/www.intoxicatedonlife.com\/store\/product\/cambios-7-lecciones-biblicas-para-entender-la-pubertad\/#primaryimage"},"image":{"@id":"https:\/\/www.intoxicatedonlife.com\/store\/product\/cambios-7-lecciones-biblicas-para-entender-la-pubertad\/#primaryimage"},"thumbnailUrl":"https:\/\/www.intoxicatedonlife.com\/store\/wp-content\/uploads\/2018\/10\/Cambios.jpg","datePublished":"2018-10-28T11:02:19+00:00","dateModified":"2026-02-16T01:30:11+00:00","description":"Cambios, fue escrito para que los padres lo lean con sus hijos de 8 a 12 a\u00f1os, d\u00e1ndole a los preadolescentes un entendimiento de la pubertad en el sentido b\u00edblico y biol\u00f3gico.","breadcrumb":{"@id":"https:\/\/www.intoxicatedonlife.com\/store\/product\/cambios-7-lecciones-biblicas-para-entender-la-pubertad\/#breadcrumb"},"inLanguage":"en-US","potentialAction":[{"@type":"ReadAction","target":["https:\/\/www.intoxicatedonlife.com\/store\/product\/cambios-7-lecciones-biblicas-para-entender-la-pubertad\/"]}]},{"@type":"ImageObject","inLanguage":"en-US","@id":"https:\/\/www.intoxicatedonlife.com\/store\/product\/cambios-7-lecciones-biblicas-para-entender-la-pubertad\/#primaryimage","url":"https:\/\/www.intoxicatedonlife.com\/store\/wp-content\/uploads\/2018\/10\/Cambios.jpg","contentUrl":"https:\/\/www.intoxicatedonlife.com\/store\/wp-content\/uploads\/2018\/10\/Cambios.jpg","width":700,"height":700},{"@type":"BreadcrumbList","@id":"https:\/\/www.intoxicatedonlife.com\/store\/product\/cambios-7-lecciones-biblicas-para-entender-la-pubertad\/#breadcrumb","itemListElement":[{"@type":"ListItem","position":1,"name":"Home","item":"https:\/\/www.intoxicatedonlife.com\/store\/"},{"@type":"ListItem","position":2,"name":"Shop","item":"https:\/\/www.intoxicatedonlife.com\/store\/shop\/"},{"@type":"ListItem","position":3,"name":"{Libro 2} Cambios: 7 Lecciones bi\u0301blicas para entender la pubertad"}]},{"@type":"WebSite","@id":"https:\/\/www.intoxicatedonlife.com\/store\/#website","url":"https:\/\/www.intoxicatedonlife.com\/store\/","name":"Intoxicated on Life Store","description":"Resources for Raising Strong Families","potentialAction":[{"@type":"SearchAction","target":{"@type":"EntryPoint","urlTemplate":"https:\/\/www.intoxicatedonlife.com\/store\/?s={search_term_string}"},"query-input":{"@type":"PropertyValueSpecification","valueRequired":true,"valueName":"search_term_string"}}],"inLanguage":"en-US"}]}},"_links":{"self":[{"href":"https:\/\/www.intoxicatedonlife.com\/store\/wp-json\/wp\/v2\/product\/35172","targetHints":{"allow":["GET"]}}],"collection":[{"href":"https:\/\/www.intoxicatedonlife.com\/store\/wp-json\/wp\/v2\/product"}],"about":[{"href":"https:\/\/www.intoxicatedonlife.com\/store\/wp-json\/wp\/v2\/types\/product"}],"replies":[{"embeddable":true,"href":"https:\/\/www.intoxicatedonlife.com\/store\/wp-json\/wp\/v2\/comments?post=35172"}],"wp:featuredmedia":[{"embeddable":true,"href":"https:\/\/www.intoxicatedonlife.com\/store\/wp-json\/wp\/v2\/media\/40372"}],"wp:attachment":[{"href":"https:\/\/www.intoxicatedonlife.com\/store\/wp-json\/wp\/v2\/media?parent=35172"}],"wp:term":[{"taxonomy":"product_brand","embeddable":true,"href":"https:\/\/www.intoxicatedonlife.com\/store\/wp-json\/wp\/v2\/product_brand?post=35172"},{"taxonomy":"product_cat","embeddable":true,"href":"https:\/\/www.intoxicatedonlife.com\/store\/wp-json\/wp\/v2\/product_cat?post=35172"},{"taxonomy":"product_tag","embeddable":true,"href":"https:\/\/www.intoxicatedonlife.com\/store\/wp-json\/wp\/v2\/product_tag?post=35172"}],"curies":[{"name":"wp","href":"https:\/\/api.w.org\/{rel}","templated":true}]}}