{"id":366,"date":"2015-07-09T20:23:36","date_gmt":"2015-07-10T00:23:36","guid":{"rendered":"https:\/\/intoxicatedonlife.com\/store\/product\/la-charla-7-lecciones-para-introducir-tu-hijo-la-sexualidad-bibilica\/"},"modified":"2023-09-19T15:27:37","modified_gmt":"2023-09-19T19:27:37","slug":"la-charla-7-lecciones-para-introducir-tu-hijo-la-sexualidad-bibilica","status":"publish","type":"product","link":"https:\/\/www.intoxicatedonlife.com\/store\/product\/la-charla-7-lecciones-para-introducir-tu-hijo-la-sexualidad-bibilica\/","title":{"rendered":"{Libro 1} La Charla: 7 Lecciones Para Introducir a tu Hijo a la Sexualidad Bibilica"},"content":{"rendered":"<p>Esta serie de estudios cubre conceptos teol\u00f3gicos y biol\u00f3gicos b\u00e1sicos que los ni\u00f1os en la escuela primaria pueden entender. Cada estudio est\u00e1 anclado en un texto espec\u00edfico de las Escrituras.<\/p>\n<ul>\n<li><strong>La Lecci\u00f3n 1<\/strong> trata sobre las diferencias entre hombres y mujeres, dando al ni\u00f1o una comprensi\u00f3n simple de su propio cuerpo y las diferencias entre los \u00f3rganos sexuales masculinos y femeninos.<\/li>\n<li><strong>La Lecci\u00f3n 2<\/strong> discute el mandato de Dios para que la raza humana se multiplique, brindando a los ni\u00f1os una comprensi\u00f3n b\u00e1sica de la relaci\u00f3n sexual y c\u00f3mo se conciben los beb\u00e9s.<\/li>\n<li><strong>La Lecci\u00f3n 3<\/strong> discute el desarrollo de la vida humana en el \u00fatero, dando a los ni\u00f1os una imagen de la maravilla de c\u00f3mo crecen y nacen los ni\u00f1os.<\/li>\n<li><strong>La Lecci\u00f3n 4<\/strong> trata sobre la intimidad que se crea a trav\u00e9s del sexo, dando a los ni\u00f1os una comprensi\u00f3n de la bondad del sexo en el matrimonio y c\u00f3mo crea un fuerte v\u00ednculo entre un hombre y una mujer.<\/li>\n<li><strong>La Lecci\u00f3n 5<\/strong> discute el pecado del adulterio, dando a los ni\u00f1os una comprensi\u00f3n b\u00edblica de por qu\u00e9 es malo.<\/li>\n<li><strong>La Lecci\u00f3n 6<\/strong> trata el dif\u00edcil tema de la violaci\u00f3n y el abuso sexual, recordando a los ni\u00f1os la importancia de hablar con sus padres si alguien los toca de manera inapropiada.<\/li>\n<li><strong>La Lecci\u00f3n 7<\/strong> trata de la importancia de honrar a Dios con nuestro cuerpo, porque Dios nos ha comprado por un precio.<\/li>\n<\/ul>\n","protected":false},"excerpt":{"rendered":"<p>La idea de que su precioso hijo crezca y se enfrente a elecciones y tentaciones sexuales no siempre es agradable. La idea de tener que preparar a su hijo para esas elecciones tambi\u00e9n puede hacer que se estremezca.<\/p>\n<p>Pero si no los preparas, \u00bfqui\u00e9n lo har\u00e1?<\/p>\n<p>Los padres cristianos a menudo est\u00e1n confundidos sobre qu\u00e9 decir y cu\u00e1ndo decirlo. The Talk es una serie de 7 estudios de padres e hijos, todos anclados en las Escrituras, que ayuda a los padres a hablar significativamente con los ni\u00f1os sobre la sexualidad.<\/p>\n<p>Este devocional lo ayudar\u00e1 a guiar a su hijo (de 6 a 10 a\u00f1os) a trav\u00e9s de conceptos sobre la sexualidad humana b\u00e1sica, las diferencias entre ni\u00f1os y ni\u00f1as, c\u00f3mo se hacen los beb\u00e9s y la importancia del matrimonio.<\/p>\n","protected":false},"featured_media":39172,"comment_status":"open","ping_status":"closed","template":"","meta":{"_acf_changed":false,"_et_pb_use_builder":"","_et_pb_old_content":"","_et_gb_content_width":"","_genesis_hide_title":false,"_genesis_hide_breadcrumbs":false,"_genesis_hide_singular_image":false,"_genesis_hide_footer_widgets":false,"_genesis_custom_body_class":"","_genesis_custom_post_class":"","_genesis_layout":""},"product_brand":[],"product_cat":[132,221],"product_tag":[],"class_list":{"0":"post-366","1":"product","2":"type-product","3":"status-publish","4":"has-post-thumbnail","6":"product_cat-sex-ed","7":"product_cat-sex-ed-series-spanish","8":"post","9":"entry","11":"first","12":"instock","13":"taxable","14":"shipping-taxable","15":"purchasable","16":"product-type-variable"},"bundled_by":[],"bundle_stock_status":"instock","bundle_stock_quantity":null,"bundle_virtual":false,"bundle_layout":"","bundle_add_to_cart_form_location":"","bundle_editable_in_cart":false,"bundle_sold_individually_context":"","bundle_item_grouping":"","bundle_min_size":"","bundle_max_size":"","bundle_price":[],"bundled_items":[],"bundle_sell_ids":[],"acf":[],"yoast_head":"<!-- This site is optimized with the Yoast SEO plugin v27.3 - https:\/\/yoast.com\/product\/yoast-seo-wordpress\/ -->\n<title>La Charla: 7 Lecciones Para Introducir a tu Hijo a la Sexualidad Bibilica<\/title>\n<meta name=\"description\" content=\"Este devocional lo ayudar\u00e1 a guiar a su hijo (de 6 a 10 a\u00f1os) a trav\u00e9s de conceptos sobre la sexualidad humana b\u00e1sica, las diferencias entre ni\u00f1os y ni\u00f1as, c\u00f3mo se hacen los beb\u00e9s y la importancia del matrimonio.\" \/>\n<meta name=\"robots\" content=\"index, follow, max-snippet:-1, max-image-preview:large, max-video-preview:-1\" \/>\n<link rel=\"canonical\" href=\"https:\/\/www.intoxicatedonlife.com\/store\/product\/la-charla-7-lecciones-para-introducir-tu-hijo-la-sexualidad-bibilica\/\" \/>\n<meta property=\"og:locale\" content=\"en_US\" \/>\n<meta property=\"og:type\" content=\"article\" \/>\n<meta property=\"og:title\" content=\"La Charla: 7 Lecciones Para Introducir a tu Hijo a la Sexualidad Bibilica\" \/>\n<meta property=\"og:description\" content=\"Este devocional lo ayudar\u00e1 a guiar a su hijo (de 6 a 10 a\u00f1os) a trav\u00e9s de conceptos sobre la sexualidad humana b\u00e1sica, las diferencias entre ni\u00f1os y ni\u00f1as, c\u00f3mo se hacen los beb\u00e9s y la importancia del matrimonio.\" \/>\n<meta property=\"og:url\" content=\"https:\/\/www.intoxicatedonlife.com\/store\/product\/la-charla-7-lecciones-para-introducir-tu-hijo-la-sexualidad-bibilica\/\" \/>\n<meta property=\"og:site_name\" content=\"Intoxicated on Life Store\" \/>\n<meta property=\"article:modified_time\" content=\"2023-09-19T19:27:37+00:00\" \/>\n<meta property=\"og:image\" content=\"https:\/\/www.intoxicatedonlife.com\/store\/wp-content\/uploads\/2015\/07\/La-Charla-1.jpg\" \/>\n\t<meta property=\"og:image:width\" content=\"800\" \/>\n\t<meta property=\"og:image:height\" content=\"800\" \/>\n\t<meta property=\"og:image:type\" content=\"image\/jpeg\" \/>\n<meta name=\"twitter:card\" content=\"summary_large_image\" \/>\n<meta name=\"twitter:label1\" content=\"Est. reading time\" \/>\n\t<meta name=\"twitter:data1\" content=\"2 minutes\" \/>\n<script type=\"application\/ld+json\" class=\"yoast-schema-graph\">{\"@context\":\"https:\\\/\\\/schema.org\",\"@graph\":[{\"@type\":\"WebPage\",\"@id\":\"https:\\\/\\\/www.intoxicatedonlife.com\\\/store\\\/product\\\/la-charla-7-lecciones-para-introducir-tu-hijo-la-sexualidad-bibilica\\\/\",\"url\":\"https:\\\/\\\/www.intoxicatedonlife.com\\\/store\\\/product\\\/la-charla-7-lecciones-para-introducir-tu-hijo-la-sexualidad-bibilica\\\/\",\"name\":\"La Charla: 7 Lecciones Para Introducir a tu Hijo a la Sexualidad Bibilica\",\"isPartOf\":{\"@id\":\"https:\\\/\\\/www.intoxicatedonlife.com\\\/store\\\/#website\"},\"primaryImageOfPage\":{\"@id\":\"https:\\\/\\\/www.intoxicatedonlife.com\\\/store\\\/product\\\/la-charla-7-lecciones-para-introducir-tu-hijo-la-sexualidad-bibilica\\\/#primaryimage\"},\"image\":{\"@id\":\"https:\\\/\\\/www.intoxicatedonlife.com\\\/store\\\/product\\\/la-charla-7-lecciones-para-introducir-tu-hijo-la-sexualidad-bibilica\\\/#primaryimage\"},\"thumbnailUrl\":\"https:\\\/\\\/www.intoxicatedonlife.com\\\/store\\\/wp-content\\\/uploads\\\/2015\\\/07\\\/La-Charla-1.jpg\",\"datePublished\":\"2015-07-10T00:23:36+00:00\",\"dateModified\":\"2023-09-19T19:27:37+00:00\",\"description\":\"Este devocional lo ayudar\u00e1 a guiar a su hijo (de 6 a 10 a\u00f1os) a trav\u00e9s de conceptos sobre la sexualidad humana b\u00e1sica, las diferencias entre ni\u00f1os y ni\u00f1as, c\u00f3mo se hacen los beb\u00e9s y la importancia del matrimonio.\",\"breadcrumb\":{\"@id\":\"https:\\\/\\\/www.intoxicatedonlife.com\\\/store\\\/product\\\/la-charla-7-lecciones-para-introducir-tu-hijo-la-sexualidad-bibilica\\\/#breadcrumb\"},\"inLanguage\":\"en-US\",\"potentialAction\":[{\"@type\":\"ReadAction\",\"target\":[\"https:\\\/\\\/www.intoxicatedonlife.com\\\/store\\\/product\\\/la-charla-7-lecciones-para-introducir-tu-hijo-la-sexualidad-bibilica\\\/\"]}]},{\"@type\":\"ImageObject\",\"inLanguage\":\"en-US\",\"@id\":\"https:\\\/\\\/www.intoxicatedonlife.com\\\/store\\\/product\\\/la-charla-7-lecciones-para-introducir-tu-hijo-la-sexualidad-bibilica\\\/#primaryimage\",\"url\":\"https:\\\/\\\/www.intoxicatedonlife.com\\\/store\\\/wp-content\\\/uploads\\\/2015\\\/07\\\/La-Charla-1.jpg\",\"contentUrl\":\"https:\\\/\\\/www.intoxicatedonlife.com\\\/store\\\/wp-content\\\/uploads\\\/2015\\\/07\\\/La-Charla-1.jpg\",\"width\":800,\"height\":800},{\"@type\":\"BreadcrumbList\",\"@id\":\"https:\\\/\\\/www.intoxicatedonlife.com\\\/store\\\/product\\\/la-charla-7-lecciones-para-introducir-tu-hijo-la-sexualidad-bibilica\\\/#breadcrumb\",\"itemListElement\":[{\"@type\":\"ListItem\",\"position\":1,\"name\":\"Home\",\"item\":\"https:\\\/\\\/www.intoxicatedonlife.com\\\/store\\\/\"},{\"@type\":\"ListItem\",\"position\":2,\"name\":\"Shop\",\"item\":\"https:\\\/\\\/www.intoxicatedonlife.com\\\/store\\\/shop\\\/\"},{\"@type\":\"ListItem\",\"position\":3,\"name\":\"{Libro 1} La Charla: 7 Lecciones Para Introducir a tu Hijo a la Sexualidad Bibilica\"}]},{\"@type\":\"WebSite\",\"@id\":\"https:\\\/\\\/www.intoxicatedonlife.com\\\/store\\\/#website\",\"url\":\"https:\\\/\\\/www.intoxicatedonlife.com\\\/store\\\/\",\"name\":\"Intoxicated on Life Store\",\"description\":\"Resources for Raising Strong Families\",\"potentialAction\":[{\"@type\":\"SearchAction\",\"target\":{\"@type\":\"EntryPoint\",\"urlTemplate\":\"https:\\\/\\\/www.intoxicatedonlife.com\\\/store\\\/?s={search_term_string}\"},\"query-input\":{\"@type\":\"PropertyValueSpecification\",\"valueRequired\":true,\"valueName\":\"search_term_string\"}}],\"inLanguage\":\"en-US\"}]}<\/script>\n<!-- \/ Yoast SEO plugin. -->","yoast_head_json":{"title":"La Charla: 7 Lecciones Para Introducir a tu Hijo a la Sexualidad Bibilica","description":"Este devocional lo ayudar\u00e1 a guiar a su hijo (de 6 a 10 a\u00f1os) a trav\u00e9s de conceptos sobre la sexualidad humana b\u00e1sica, las diferencias entre ni\u00f1os y ni\u00f1as, c\u00f3mo se hacen los beb\u00e9s y la importancia del matrimonio.","robots":{"index":"index","follow":"follow","max-snippet":"max-snippet:-1","max-image-preview":"max-image-preview:large","max-video-preview":"max-video-preview:-1"},"canonical":"https:\/\/www.intoxicatedonlife.com\/store\/product\/la-charla-7-lecciones-para-introducir-tu-hijo-la-sexualidad-bibilica\/","og_locale":"en_US","og_type":"article","og_title":"La Charla: 7 Lecciones Para Introducir a tu Hijo a la Sexualidad Bibilica","og_description":"Este devocional lo ayudar\u00e1 a guiar a su hijo (de 6 a 10 a\u00f1os) a trav\u00e9s de conceptos sobre la sexualidad humana b\u00e1sica, las diferencias entre ni\u00f1os y ni\u00f1as, c\u00f3mo se hacen los beb\u00e9s y la importancia del matrimonio.","og_url":"https:\/\/www.intoxicatedonlife.com\/store\/product\/la-charla-7-lecciones-para-introducir-tu-hijo-la-sexualidad-bibilica\/","og_site_name":"Intoxicated on Life Store","article_modified_time":"2023-09-19T19:27:37+00:00","og_image":[{"width":800,"height":800,"url":"https:\/\/www.intoxicatedonlife.com\/store\/wp-content\/uploads\/2015\/07\/La-Charla-1.jpg","type":"image\/jpeg"}],"twitter_card":"summary_large_image","twitter_misc":{"Est. reading time":"2 minutes"},"schema":{"@context":"https:\/\/schema.org","@graph":[{"@type":"WebPage","@id":"https:\/\/www.intoxicatedonlife.com\/store\/product\/la-charla-7-lecciones-para-introducir-tu-hijo-la-sexualidad-bibilica\/","url":"https:\/\/www.intoxicatedonlife.com\/store\/product\/la-charla-7-lecciones-para-introducir-tu-hijo-la-sexualidad-bibilica\/","name":"La Charla: 7 Lecciones Para Introducir a tu Hijo a la Sexualidad Bibilica","isPartOf":{"@id":"https:\/\/www.intoxicatedonlife.com\/store\/#website"},"primaryImageOfPage":{"@id":"https:\/\/www.intoxicatedonlife.com\/store\/product\/la-charla-7-lecciones-para-introducir-tu-hijo-la-sexualidad-bibilica\/#primaryimage"},"image":{"@id":"https:\/\/www.intoxicatedonlife.com\/store\/product\/la-charla-7-lecciones-para-introducir-tu-hijo-la-sexualidad-bibilica\/#primaryimage"},"thumbnailUrl":"https:\/\/www.intoxicatedonlife.com\/store\/wp-content\/uploads\/2015\/07\/La-Charla-1.jpg","datePublished":"2015-07-10T00:23:36+00:00","dateModified":"2023-09-19T19:27:37+00:00","description":"Este devocional lo ayudar\u00e1 a guiar a su hijo (de 6 a 10 a\u00f1os) a trav\u00e9s de conceptos sobre la sexualidad humana b\u00e1sica, las diferencias entre ni\u00f1os y ni\u00f1as, c\u00f3mo se hacen los beb\u00e9s y la importancia del matrimonio.","breadcrumb":{"@id":"https:\/\/www.intoxicatedonlife.com\/store\/product\/la-charla-7-lecciones-para-introducir-tu-hijo-la-sexualidad-bibilica\/#breadcrumb"},"inLanguage":"en-US","potentialAction":[{"@type":"ReadAction","target":["https:\/\/www.intoxicatedonlife.com\/store\/product\/la-charla-7-lecciones-para-introducir-tu-hijo-la-sexualidad-bibilica\/"]}]},{"@type":"ImageObject","inLanguage":"en-US","@id":"https:\/\/www.intoxicatedonlife.com\/store\/product\/la-charla-7-lecciones-para-introducir-tu-hijo-la-sexualidad-bibilica\/#primaryimage","url":"https:\/\/www.intoxicatedonlife.com\/store\/wp-content\/uploads\/2015\/07\/La-Charla-1.jpg","contentUrl":"https:\/\/www.intoxicatedonlife.com\/store\/wp-content\/uploads\/2015\/07\/La-Charla-1.jpg","width":800,"height":800},{"@type":"BreadcrumbList","@id":"https:\/\/www.intoxicatedonlife.com\/store\/product\/la-charla-7-lecciones-para-introducir-tu-hijo-la-sexualidad-bibilica\/#breadcrumb","itemListElement":[{"@type":"ListItem","position":1,"name":"Home","item":"https:\/\/www.intoxicatedonlife.com\/store\/"},{"@type":"ListItem","position":2,"name":"Shop","item":"https:\/\/www.intoxicatedonlife.com\/store\/shop\/"},{"@type":"ListItem","position":3,"name":"{Libro 1} La Charla: 7 Lecciones Para Introducir a tu Hijo a la Sexualidad Bibilica"}]},{"@type":"WebSite","@id":"https:\/\/www.intoxicatedonlife.com\/store\/#website","url":"https:\/\/www.intoxicatedonlife.com\/store\/","name":"Intoxicated on Life Store","description":"Resources for Raising Strong Families","potentialAction":[{"@type":"SearchAction","target":{"@type":"EntryPoint","urlTemplate":"https:\/\/www.intoxicatedonlife.com\/store\/?s={search_term_string}"},"query-input":{"@type":"PropertyValueSpecification","valueRequired":true,"valueName":"search_term_string"}}],"inLanguage":"en-US"}]}},"_links":{"self":[{"href":"https:\/\/www.intoxicatedonlife.com\/store\/wp-json\/wp\/v2\/product\/366","targetHints":{"allow":["GET"]}}],"collection":[{"href":"https:\/\/www.intoxicatedonlife.com\/store\/wp-json\/wp\/v2\/product"}],"about":[{"href":"https:\/\/www.intoxicatedonlife.com\/store\/wp-json\/wp\/v2\/types\/product"}],"replies":[{"embeddable":true,"href":"https:\/\/www.intoxicatedonlife.com\/store\/wp-json\/wp\/v2\/comments?post=366"}],"wp:featuredmedia":[{"embeddable":true,"href":"https:\/\/www.intoxicatedonlife.com\/store\/wp-json\/wp\/v2\/media\/39172"}],"wp:attachment":[{"href":"https:\/\/www.intoxicatedonlife.com\/store\/wp-json\/wp\/v2\/media?parent=366"}],"wp:term":[{"taxonomy":"product_brand","embeddable":true,"href":"https:\/\/www.intoxicatedonlife.com\/store\/wp-json\/wp\/v2\/product_brand?post=366"},{"taxonomy":"product_cat","embeddable":true,"href":"https:\/\/www.intoxicatedonlife.com\/store\/wp-json\/wp\/v2\/product_cat?post=366"},{"taxonomy":"product_tag","embeddable":true,"href":"https:\/\/www.intoxicatedonlife.com\/store\/wp-json\/wp\/v2\/product_tag?post=366"}],"curies":[{"name":"wp","href":"https:\/\/api.w.org\/{rel}","templated":true}]}}