{"id":39854,"date":"2020-04-10T11:20:46","date_gmt":"2020-04-10T15:20:46","guid":{"rendered":"https:\/\/www.intoxicatedonlife.com\/store\/?post_type=product&#038;p=39854"},"modified":"2026-02-15T21:30:11","modified_gmt":"2026-02-16T01:30:11","slug":"relaciones","status":"publish","type":"product","link":"https:\/\/www.intoxicatedonlife.com\/store\/product\/relaciones\/","title":{"rendered":"{Libro 3} Relaciones: 11 lecciones que le dar\u00e1n a los hijos un mejor entendimiento sobre la sexualidad b\u00edblica"},"content":{"rendered":"<p>Relaciones es una serie de 11 lecciones que est\u00e1n dise\u00f1adas para llevar a los ni\u00f1os y a sus padres a una comprensi\u00f3n m\u00e1s profunda de la sexualidad b\u00edblica y la integridad relacional.<\/p>\n<p>Relationships es un libro dirigido a ni\u00f1os de 11 a\u00f1os en adelante. Se profundizar\u00e1 en una serie de temas que incluyen:<\/p>\n<ul>\n<li><strong>La Lecci\u00f3n 1<\/strong> analiza la bondad original de la sexualidad y las relaciones matrimoniales tal como Dios las cre\u00f3.<\/li>\n<li><strong>La Lecci\u00f3n 2<\/strong> aborda c\u00f3mo el pecado ha provocado la ruptura sexual en el mundo, incluida nuestra propensi\u00f3n a la lujuria.<\/li>\n<li><strong>La Lecci\u00f3n 3<\/strong> expone las variedades de tentaciones sexuales y relacionales en el mundo: desde la masturbaci\u00f3n hasta el uso de la pornograf\u00eda y las actividades homosexuales.<\/li>\n<li><strong>La Lecci\u00f3n 4<\/strong> cubre tres estrategias b\u00edblicas para evitar y superar la lujuria.<\/li>\n<li><strong>La Lecci\u00f3n 5<\/strong> discute c\u00f3mo debemos proteger nuestros corazones de la idolatr\u00eda sexual y relacional.<\/li>\n<li><strong>La Lecci\u00f3n 6<\/strong> habla sobre c\u00f3mo debemos hacer un pacto con nuestros ojos para evitar la tentaci\u00f3n.<\/li>\n<li><strong>La Lecci\u00f3n 7<\/strong> habla sobre la importancia de huir de situaciones sexualmente tentadoras.<\/li>\n<li><strong>La Lecci\u00f3n 8<\/strong> aborda la estrategia b\u00edblica de buscar la intimidad con Dios y cultivar la gratitud por los placeres saludables.<\/li>\n<li><strong>La Lecci\u00f3n 9<\/strong> discute la importancia de ser sabios en nuestras amistades del sexo opuesto.<\/li>\n<li><strong>La Lecci\u00f3n 10<\/strong> aborda el valor de las relaciones de responsabilidad.<\/li>\n<li><strong>La Lecci\u00f3n 11<\/strong> les da a los estudiantes y a sus padres una imagen de la gracia de Dios que transforma la vida de los pecadores sexuales.<\/li>\n<\/ul>\n<h3>\u00bfQU\u00c9 EDADES DE NI\u00d1OS SE BENEFICIAR\u00cdAN DE ESTE ESTUDIO?<\/h3>\n<p>Las relaciones se escribieron para que los padres las leyeran con ni\u00f1os de 11 a 14 a\u00f1os. El estudio proporciona a los preadolescentes y a los primeros adolescentes verdades fundamentales sobre c\u00f3mo administrar sus crecientes deseos relacionales y sexuales.<\/p>\n","protected":false},"excerpt":{"rendered":"<p>Aprender a navegar por las aguas de la adolescencia puede ser dif\u00edcil. \u00bfC\u00f3mo podemos ense\u00f1ar a nuestros hijos c\u00f3mo relacionarse con amigos del sexo opuesto? \u00bfC\u00f3mo ayudamos a nuestros hijos a comprender la importancia del g\u00e9nero en un mundo donde las normas de g\u00e9nero cambian constantemente? \u00bfC\u00f3mo entrenamos a nuestros hijos para administrar su sexualidad de una manera piadosa?<\/p>\n<p><em>Relaciones: 11 lecciones que le dar\u00e1n a los hijos un mejor entendimiento sobre la sexualidad b\u00edblica<\/em> ayudar\u00e1 a los padres a guiar a sus hijos a trav\u00e9s de estos temas a veces inc\u00f3modos.<\/p>\n<p>Este devocional es una serie de 11 estudios b\u00edblicos entre padres e hijos dise\u00f1ados para ayudar a los preadolescentes y los primeros adolescentes (de 11 a 14 a\u00f1os) a comprender lo que dice la Biblia sobre la administraci\u00f3n de sus crecientes deseos sexuales y relacionales.<\/p>\n<p>&nbsp;<\/p>\n","protected":false},"featured_media":40371,"comment_status":"open","ping_status":"closed","template":"","meta":{"_acf_changed":false,"_et_pb_use_builder":"","_et_pb_old_content":"","_et_gb_content_width":"","_genesis_hide_title":false,"_genesis_hide_breadcrumbs":false,"_genesis_hide_singular_image":false,"_genesis_hide_footer_widgets":false,"_genesis_custom_body_class":"","_genesis_custom_post_class":"","_genesis_layout":""},"product_brand":[],"product_cat":[132,221],"product_tag":[],"class_list":{"0":"post-39854","1":"product","2":"type-product","3":"status-publish","4":"has-post-thumbnail","6":"product_cat-sex-ed","7":"product_cat-sex-ed-series-spanish","8":"product_shipping_class-media-mail","9":"post","10":"entry","12":"first","13":"onbackorder","14":"taxable","15":"shipping-taxable","16":"purchasable","17":"product-type-variable"},"bundled_by":[],"bundle_stock_status":"onbackorder","bundle_stock_quantity":-1,"bundle_virtual":false,"bundle_layout":"","bundle_add_to_cart_form_location":"","bundle_editable_in_cart":false,"bundle_sold_individually_context":"","bundle_item_grouping":"","bundle_min_size":"","bundle_max_size":"","bundle_price":[],"bundled_items":[],"bundle_sell_ids":[],"acf":[],"yoast_head":"<!-- This site is optimized with the Yoast SEO plugin v27.3 - https:\/\/yoast.com\/product\/yoast-seo-wordpress\/ -->\n<title>Relaciones: 11 lecciones que le dar\u00e1n a los hijos un mejor entendimiento sobre la sexualidad b\u00edblica<\/title>\n<meta name=\"robots\" content=\"index, follow, max-snippet:-1, max-image-preview:large, max-video-preview:-1\" \/>\n<link rel=\"canonical\" href=\"https:\/\/www.intoxicatedonlife.com\/store\/product\/relaciones\/\" \/>\n<meta property=\"og:locale\" content=\"en_US\" \/>\n<meta property=\"og:type\" content=\"article\" \/>\n<meta property=\"og:title\" content=\"Relaciones: 11 lecciones que le dar\u00e1n a los hijos un mejor entendimiento sobre la sexualidad b\u00edblica\" \/>\n<meta property=\"og:description\" content=\"Aprender a navegar por las aguas de la adolescencia puede ser dif\u00edcil. \u00bfC\u00f3mo podemos ense\u00f1ar a nuestros hijos c\u00f3mo relacionarse con amigos del sexo opuesto? \u00bfC\u00f3mo ayudamos a nuestros hijos a comprender la importancia del g\u00e9nero en un mundo donde las normas de g\u00e9nero cambian constantemente? \u00bfC\u00f3mo entrenamos a nuestros hijos para administrar su sexualidad de una manera piadosa?  Relaciones: 11 lecciones que le dar\u00e1n a los hijos un mejor entendimiento sobre la sexualidad b\u00edblica ayudar\u00e1 a los padres a guiar a sus hijos a trav\u00e9s de estos temas a veces inc\u00f3modos.  Este devocional es una serie de 11 estudios b\u00edblicos entre padres e hijos dise\u00f1ados para ayudar a los preadolescentes y los primeros adolescentes (de 11 a 14 a\u00f1os) a comprender lo que dice la Biblia sobre la administraci\u00f3n de sus crecientes deseos sexuales y relacionales.  &nbsp;\" \/>\n<meta property=\"og:url\" content=\"https:\/\/www.intoxicatedonlife.com\/store\/product\/relaciones\/\" \/>\n<meta property=\"og:site_name\" content=\"Intoxicated on Life Store\" \/>\n<meta property=\"article:modified_time\" content=\"2026-02-16T01:30:11+00:00\" \/>\n<meta property=\"og:image\" content=\"https:\/\/www.intoxicatedonlife.com\/store\/wp-content\/uploads\/2020\/04\/Relaciones.jpg\" \/>\n\t<meta property=\"og:image:width\" content=\"700\" \/>\n\t<meta property=\"og:image:height\" content=\"729\" \/>\n\t<meta property=\"og:image:type\" content=\"image\/jpeg\" \/>\n<meta name=\"twitter:card\" content=\"summary_large_image\" \/>\n<meta name=\"twitter:label1\" content=\"Est. reading time\" \/>\n\t<meta name=\"twitter:data1\" content=\"2 minutes\" \/>\n<script type=\"application\/ld+json\" class=\"yoast-schema-graph\">{\"@context\":\"https:\\\/\\\/schema.org\",\"@graph\":[{\"@type\":\"WebPage\",\"@id\":\"https:\\\/\\\/www.intoxicatedonlife.com\\\/store\\\/product\\\/relaciones\\\/\",\"url\":\"https:\\\/\\\/www.intoxicatedonlife.com\\\/store\\\/product\\\/relaciones\\\/\",\"name\":\"Relaciones: 11 lecciones que le dar\u00e1n a los hijos un mejor entendimiento sobre la sexualidad b\u00edblica\",\"isPartOf\":{\"@id\":\"https:\\\/\\\/www.intoxicatedonlife.com\\\/store\\\/#website\"},\"primaryImageOfPage\":{\"@id\":\"https:\\\/\\\/www.intoxicatedonlife.com\\\/store\\\/product\\\/relaciones\\\/#primaryimage\"},\"image\":{\"@id\":\"https:\\\/\\\/www.intoxicatedonlife.com\\\/store\\\/product\\\/relaciones\\\/#primaryimage\"},\"thumbnailUrl\":\"https:\\\/\\\/www.intoxicatedonlife.com\\\/store\\\/wp-content\\\/uploads\\\/2020\\\/04\\\/Relaciones.jpg\",\"datePublished\":\"2020-04-10T15:20:46+00:00\",\"dateModified\":\"2026-02-16T01:30:11+00:00\",\"breadcrumb\":{\"@id\":\"https:\\\/\\\/www.intoxicatedonlife.com\\\/store\\\/product\\\/relaciones\\\/#breadcrumb\"},\"inLanguage\":\"en-US\",\"potentialAction\":[{\"@type\":\"ReadAction\",\"target\":[\"https:\\\/\\\/www.intoxicatedonlife.com\\\/store\\\/product\\\/relaciones\\\/\"]}]},{\"@type\":\"ImageObject\",\"inLanguage\":\"en-US\",\"@id\":\"https:\\\/\\\/www.intoxicatedonlife.com\\\/store\\\/product\\\/relaciones\\\/#primaryimage\",\"url\":\"https:\\\/\\\/www.intoxicatedonlife.com\\\/store\\\/wp-content\\\/uploads\\\/2020\\\/04\\\/Relaciones.jpg\",\"contentUrl\":\"https:\\\/\\\/www.intoxicatedonlife.com\\\/store\\\/wp-content\\\/uploads\\\/2020\\\/04\\\/Relaciones.jpg\",\"width\":700,\"height\":729},{\"@type\":\"BreadcrumbList\",\"@id\":\"https:\\\/\\\/www.intoxicatedonlife.com\\\/store\\\/product\\\/relaciones\\\/#breadcrumb\",\"itemListElement\":[{\"@type\":\"ListItem\",\"position\":1,\"name\":\"Home\",\"item\":\"https:\\\/\\\/www.intoxicatedonlife.com\\\/store\\\/\"},{\"@type\":\"ListItem\",\"position\":2,\"name\":\"Shop\",\"item\":\"https:\\\/\\\/www.intoxicatedonlife.com\\\/store\\\/shop\\\/\"},{\"@type\":\"ListItem\",\"position\":3,\"name\":\"{Libro 3} Relaciones: 11 lecciones que le dar\u00e1n a los hijos un mejor entendimiento sobre la sexualidad b\u00edblica\"}]},{\"@type\":\"WebSite\",\"@id\":\"https:\\\/\\\/www.intoxicatedonlife.com\\\/store\\\/#website\",\"url\":\"https:\\\/\\\/www.intoxicatedonlife.com\\\/store\\\/\",\"name\":\"Intoxicated on Life Store\",\"description\":\"Resources for Raising Strong Families\",\"potentialAction\":[{\"@type\":\"SearchAction\",\"target\":{\"@type\":\"EntryPoint\",\"urlTemplate\":\"https:\\\/\\\/www.intoxicatedonlife.com\\\/store\\\/?s={search_term_string}\"},\"query-input\":{\"@type\":\"PropertyValueSpecification\",\"valueRequired\":true,\"valueName\":\"search_term_string\"}}],\"inLanguage\":\"en-US\"}]}<\/script>\n<!-- \/ Yoast SEO plugin. -->","yoast_head_json":{"title":"Relaciones: 11 lecciones que le dar\u00e1n a los hijos un mejor entendimiento sobre la sexualidad b\u00edblica","robots":{"index":"index","follow":"follow","max-snippet":"max-snippet:-1","max-image-preview":"max-image-preview:large","max-video-preview":"max-video-preview:-1"},"canonical":"https:\/\/www.intoxicatedonlife.com\/store\/product\/relaciones\/","og_locale":"en_US","og_type":"article","og_title":"Relaciones: 11 lecciones que le dar\u00e1n a los hijos un mejor entendimiento sobre la sexualidad b\u00edblica","og_description":"Aprender a navegar por las aguas de la adolescencia puede ser dif\u00edcil. \u00bfC\u00f3mo podemos ense\u00f1ar a nuestros hijos c\u00f3mo relacionarse con amigos del sexo opuesto? \u00bfC\u00f3mo ayudamos a nuestros hijos a comprender la importancia del g\u00e9nero en un mundo donde las normas de g\u00e9nero cambian constantemente? \u00bfC\u00f3mo entrenamos a nuestros hijos para administrar su sexualidad de una manera piadosa?  Relaciones: 11 lecciones que le dar\u00e1n a los hijos un mejor entendimiento sobre la sexualidad b\u00edblica ayudar\u00e1 a los padres a guiar a sus hijos a trav\u00e9s de estos temas a veces inc\u00f3modos.  Este devocional es una serie de 11 estudios b\u00edblicos entre padres e hijos dise\u00f1ados para ayudar a los preadolescentes y los primeros adolescentes (de 11 a 14 a\u00f1os) a comprender lo que dice la Biblia sobre la administraci\u00f3n de sus crecientes deseos sexuales y relacionales.  &nbsp;","og_url":"https:\/\/www.intoxicatedonlife.com\/store\/product\/relaciones\/","og_site_name":"Intoxicated on Life Store","article_modified_time":"2026-02-16T01:30:11+00:00","og_image":[{"width":700,"height":729,"url":"https:\/\/www.intoxicatedonlife.com\/store\/wp-content\/uploads\/2020\/04\/Relaciones.jpg","type":"image\/jpeg"}],"twitter_card":"summary_large_image","twitter_misc":{"Est. reading time":"2 minutes"},"schema":{"@context":"https:\/\/schema.org","@graph":[{"@type":"WebPage","@id":"https:\/\/www.intoxicatedonlife.com\/store\/product\/relaciones\/","url":"https:\/\/www.intoxicatedonlife.com\/store\/product\/relaciones\/","name":"Relaciones: 11 lecciones que le dar\u00e1n a los hijos un mejor entendimiento sobre la sexualidad b\u00edblica","isPartOf":{"@id":"https:\/\/www.intoxicatedonlife.com\/store\/#website"},"primaryImageOfPage":{"@id":"https:\/\/www.intoxicatedonlife.com\/store\/product\/relaciones\/#primaryimage"},"image":{"@id":"https:\/\/www.intoxicatedonlife.com\/store\/product\/relaciones\/#primaryimage"},"thumbnailUrl":"https:\/\/www.intoxicatedonlife.com\/store\/wp-content\/uploads\/2020\/04\/Relaciones.jpg","datePublished":"2020-04-10T15:20:46+00:00","dateModified":"2026-02-16T01:30:11+00:00","breadcrumb":{"@id":"https:\/\/www.intoxicatedonlife.com\/store\/product\/relaciones\/#breadcrumb"},"inLanguage":"en-US","potentialAction":[{"@type":"ReadAction","target":["https:\/\/www.intoxicatedonlife.com\/store\/product\/relaciones\/"]}]},{"@type":"ImageObject","inLanguage":"en-US","@id":"https:\/\/www.intoxicatedonlife.com\/store\/product\/relaciones\/#primaryimage","url":"https:\/\/www.intoxicatedonlife.com\/store\/wp-content\/uploads\/2020\/04\/Relaciones.jpg","contentUrl":"https:\/\/www.intoxicatedonlife.com\/store\/wp-content\/uploads\/2020\/04\/Relaciones.jpg","width":700,"height":729},{"@type":"BreadcrumbList","@id":"https:\/\/www.intoxicatedonlife.com\/store\/product\/relaciones\/#breadcrumb","itemListElement":[{"@type":"ListItem","position":1,"name":"Home","item":"https:\/\/www.intoxicatedonlife.com\/store\/"},{"@type":"ListItem","position":2,"name":"Shop","item":"https:\/\/www.intoxicatedonlife.com\/store\/shop\/"},{"@type":"ListItem","position":3,"name":"{Libro 3} Relaciones: 11 lecciones que le dar\u00e1n a los hijos un mejor entendimiento sobre la sexualidad b\u00edblica"}]},{"@type":"WebSite","@id":"https:\/\/www.intoxicatedonlife.com\/store\/#website","url":"https:\/\/www.intoxicatedonlife.com\/store\/","name":"Intoxicated on Life Store","description":"Resources for Raising Strong Families","potentialAction":[{"@type":"SearchAction","target":{"@type":"EntryPoint","urlTemplate":"https:\/\/www.intoxicatedonlife.com\/store\/?s={search_term_string}"},"query-input":{"@type":"PropertyValueSpecification","valueRequired":true,"valueName":"search_term_string"}}],"inLanguage":"en-US"}]}},"_links":{"self":[{"href":"https:\/\/www.intoxicatedonlife.com\/store\/wp-json\/wp\/v2\/product\/39854","targetHints":{"allow":["GET"]}}],"collection":[{"href":"https:\/\/www.intoxicatedonlife.com\/store\/wp-json\/wp\/v2\/product"}],"about":[{"href":"https:\/\/www.intoxicatedonlife.com\/store\/wp-json\/wp\/v2\/types\/product"}],"replies":[{"embeddable":true,"href":"https:\/\/www.intoxicatedonlife.com\/store\/wp-json\/wp\/v2\/comments?post=39854"}],"wp:featuredmedia":[{"embeddable":true,"href":"https:\/\/www.intoxicatedonlife.com\/store\/wp-json\/wp\/v2\/media\/40371"}],"wp:attachment":[{"href":"https:\/\/www.intoxicatedonlife.com\/store\/wp-json\/wp\/v2\/media?parent=39854"}],"wp:term":[{"taxonomy":"product_brand","embeddable":true,"href":"https:\/\/www.intoxicatedonlife.com\/store\/wp-json\/wp\/v2\/product_brand?post=39854"},{"taxonomy":"product_cat","embeddable":true,"href":"https:\/\/www.intoxicatedonlife.com\/store\/wp-json\/wp\/v2\/product_cat?post=39854"},{"taxonomy":"product_tag","embeddable":true,"href":"https:\/\/www.intoxicatedonlife.com\/store\/wp-json\/wp\/v2\/product_tag?post=39854"}],"curies":[{"name":"wp","href":"https:\/\/api.w.org\/{rel}","templated":true}]}}