{"id":39970,"date":"2020-04-19T08:51:43","date_gmt":"2020-04-19T12:51:43","guid":{"rendered":"https:\/\/www.intoxicatedonlife.com\/store\/?post_type=product&#038;p=39970"},"modified":"2025-10-07T15:03:09","modified_gmt":"2025-10-07T19:03:09","slug":"la-serie-de-educacion-sexual","status":"publish","type":"product","link":"https:\/\/www.intoxicatedonlife.com\/store\/product\/la-serie-de-educacion-sexual\/","title":{"rendered":"La Serie de Educaci\u00f3n Sexual {\u00a1Compre los 3 y ahorre!}"},"content":{"rendered":"<h3>{Libro 1} La Charla: 7 Lecciones Para Introducir a tu Hijo a la Sexualidad Bibilica<\/h3>\n<p>Esta serie de estudios cubre conceptos teol\u00f3gicos y biol\u00f3gicos b\u00e1sicos que los ni\u00f1os en la escuela primaria pueden entender. Cada estudio est\u00e1 anclado en un texto espec\u00edfico de las Escrituras.<\/p>\n<ul>\n<li><strong>La Lecci\u00f3n 1<\/strong> trata sobre las diferencias entre hombres y mujeres, dando al ni\u00f1o una comprensi\u00f3n simple de su propio cuerpo y las diferencias entre los \u00f3rganos sexuales masculinos y femeninos.<\/li>\n<li><strong>La Lecci\u00f3n 2<\/strong> discute el mandato de Dios para que la raza humana se multiplique, brindando a los ni\u00f1os una comprensi\u00f3n b\u00e1sica de la relaci\u00f3n sexual y c\u00f3mo se conciben los beb\u00e9s.<\/li>\n<li><strong>La Lecci\u00f3n 3<\/strong> discute el desarrollo de la vida humana en el \u00fatero, dando a los ni\u00f1os una imagen de la maravilla de c\u00f3mo crecen y nacen los ni\u00f1os.<\/li>\n<li><strong>La Lecci\u00f3n 4<\/strong> trata sobre la intimidad que se crea a trav\u00e9s del sexo, dando a los ni\u00f1os una comprensi\u00f3n de la bondad del sexo en el matrimonio y c\u00f3mo crea un fuerte v\u00ednculo entre un hombre y una mujer.<\/li>\n<li><strong>La Lecci\u00f3n 5<\/strong> discute el pecado del adulterio, dando a los ni\u00f1os una comprensi\u00f3n b\u00edblica de por qu\u00e9 es malo.<\/li>\n<li><strong>La Lecci\u00f3n 6<\/strong> trata el dif\u00edcil tema de la violaci\u00f3n y el abuso sexual, recordando a los ni\u00f1os la importancia de hablar con sus padres si alguien los toca de manera inapropiada.<\/li>\n<li><strong>La Lecci\u00f3n 7<\/strong> trata de la importancia de honrar a Dios con nuestro cuerpo, porque Dios nos ha comprado por un precio.<\/li>\n<\/ul>\n<h3>{Libro 2} Cambios: 7 Lecciones bi\u0301blicas para entender la pubertad<\/h3>\n<p>Esta serie de estudios cubre conceptos b\u00e1sicos teol\u00f3gicos y biol\u00f3gicos que los ni\u00f1os de 8 a 12 a\u00f1os pueden entender. Cada breve estudio est\u00e1 anclado en un texto espec\u00edfico de la Escritura.<\/p>\n<ul>\n<li><strong>La Lecci\u00f3n 1<\/strong> analiza los a\u00f1os de la adolescencia de Jes\u00fas, hablando sobre c\u00f3mo la cultura en la que vivi\u00f3 Jes\u00fas reconoci\u00f3 la pubertad como una fase importante del desarrollo f\u00edsico y espiritual. El objetivo de esta lecci\u00f3n es ayudar a su hijo a ver estos cambios no como algo extra\u00f1o, sino como algo bueno. Incluso el Hijo de Dios mismo los atraves\u00f3.<\/li>\n<li><strong>La Lecci\u00f3n 2<\/strong> analiza el proceso de cambio en el cuerpo humano a lo largo de toda la vida. La pubertad es solo una de varias fases importantes que atraviesan hombres y mujeres a medida que envejecen. Los cambios f\u00edsicos son una parte normal de la vida y no hay nada que temer.<\/li>\n<li><strong>La Lecci\u00f3n 3<\/strong> aborda los cambios mentales y emocionales de la pubertad, as\u00ed como el catalizador interno para el cambio en nuestros cuerpos: las hormonas. El objetivo de esta lecci\u00f3n es ense\u00f1ar a los ni\u00f1os que existen mecanismos internos naturales en el cuerpo que gu\u00edan el proceso de la pubertad, creados por un Dios amoroso, sabio y soberano.<\/li>\n<li><strong>La Lecci\u00f3n 4<\/strong> analiza los cambios f\u00edsicos generales comunes a ni\u00f1os y ni\u00f1as, incluidos los cambios b\u00e1sicos como la altura, el vello corporal, el olor corporal, el acn\u00e9, etc. Todo esto es parte de la transici\u00f3n natural a la edad adulta.<\/li>\n<li><strong>La Lecci\u00f3n 5<\/strong> trata los cambios que tienen lugar en las ni\u00f1as durante la pubertad, como los dep\u00f3sitos de grasa, el desarrollo de los senos y la menstruaci\u00f3n. Estos cambios son una parte natural de lo que significa ser mujer.<\/li>\n<li><strong>La Lecci\u00f3n 6<\/strong> trata sobre los cambios que tienen lugar en los ni\u00f1os durante la pubertad, como el crecimiento muscular, el vello facial, los cambios en la voz, el crecimiento testicular y la eyaculaci\u00f3n. Estos cambios son una parte natural de lo que significa ser hombre.<\/li>\n<li><strong>La Lecci\u00f3n 7<\/strong> profundizar\u00e1 en la atracci\u00f3n f\u00edsica. La Biblia describe la atracci\u00f3n f\u00edsica como muy buena y muy poderosa. Nuestros ni\u00f1os necesitan comprender tanto su bondad como su poder si van a administrar bien su desarrollo sexual durante la pubertad.<\/li>\n<\/ul>\n<p>Cada lecci\u00f3n tiene un tema de discusi\u00f3n inicial, una lectura de las Escrituras, una explicaci\u00f3n del pasaje, preguntas para hacerle a sus hijos y una oraci\u00f3n. El libro tambi\u00e9n contiene dibujos lineales simples de anatom\u00eda masculina y femenina.<\/p>\n<h3>{Libro 3} Relaciones: 11 lecciones que le dar\u00e1n a los hijos un mejor entendimiento sobre la sexualidad b\u00edblica<\/h3>\n<p>Relaciones es una serie de 11 lecciones que est\u00e1n dise\u00f1adas para llevar a los ni\u00f1os y a sus padres a una comprensi\u00f3n m\u00e1s profunda de la sexualidad b\u00edblica y la integridad relacional.<\/p>\n<p>Relationships es un libro dirigido a ni\u00f1os de 11 a\u00f1os en adelante. Se profundizar\u00e1 en una serie de temas que incluyen:<\/p>\n<ul>\n<li><strong>La Lecci\u00f3n 1<\/strong> analiza la bondad original de la sexualidad y las relaciones matrimoniales tal como Dios las cre\u00f3.<\/li>\n<li><strong>La Lecci\u00f3n 2<\/strong> aborda c\u00f3mo el pecado ha provocado la ruptura sexual en el mundo, incluida nuestra propensi\u00f3n a la lujuria.<\/li>\n<li><strong>La Lecci\u00f3n 3<\/strong> expone las variedades de tentaciones sexuales y relacionales en el mundo: desde la masturbaci\u00f3n hasta el uso de la pornograf\u00eda y las actividades homosexuales.<\/li>\n<li><strong>La Lecci\u00f3n 4<\/strong> cubre tres estrategias b\u00edblicas para evitar y superar la lujuria.<\/li>\n<li><strong>La Lecci\u00f3n 5<\/strong> discute c\u00f3mo debemos proteger nuestros corazones de la idolatr\u00eda sexual y relacional.<\/li>\n<li><strong>La Lecci\u00f3n 6<\/strong> habla sobre c\u00f3mo debemos hacer un pacto con nuestros ojos para evitar la tentaci\u00f3n.<\/li>\n<li><strong>La Lecci\u00f3n 7<\/strong> habla sobre la importancia de huir de situaciones sexualmente tentadoras.<\/li>\n<li><strong>La Lecci\u00f3n 8<\/strong> aborda la estrategia b\u00edblica de buscar la intimidad con Dios y cultivar la gratitud por los placeres saludables.<\/li>\n<li><strong>La Lecci\u00f3n 9<\/strong> discute la importancia de ser sabios en nuestras amistades del sexo opuesto.<\/li>\n<li><strong>La Lecci\u00f3n 10<\/strong> aborda el valor de las relaciones de responsabilidad.<\/li>\n<li><strong>La Lecci\u00f3n 11<\/strong> les da a los estudiantes y a sus padres una imagen de la gracia de Dios que transforma la vida de los pecadores sexuales.<\/li>\n<\/ul>\n","protected":false},"excerpt":{"rendered":"<p>Serie educaci\u00f3n sexual para padres cristianos: donde el estudio de la Biblia se encuentra con la biolog\u00eda &#8230;<\/p>\n<p>Si es como la mayor\u00eda de los padres, puede ser, en el mejor de los casos, un poco inquieto por hablar sobre temas sexuales con sus hijos y, en el peor, \u00a1francamente aterrorizado! Queremos ayudarlo a profundizar en estos temas. De hecho, le daremos un gui\u00f3n para que no tenga que pensar en sus pies.<\/p>\n<p>Esta serie de 3 partes de estudios b\u00edblicos entre padres e hijos est\u00e1 dise\u00f1ada para ayudar a los ni\u00f1os a comprender la sexualidad b\u00edblica.<\/p>\n<p>La serie de libros Talk lo guiar\u00e1 a trav\u00e9s de la introducci\u00f3n de su hijo a la sexualidad b\u00edblica, ayud\u00e1ndole a comprender los cambios que ocurren durante la pubertad, y ayudar\u00e1 a sus hijos a navegar las tentaciones sexuales que surgen en la adolescencia y la edad adulta.<\/p>\n<p>Estos tres libros est\u00e1n disponibles individualmente o como un conjunto completo. Ahorre cuando compre los 3 libros juntos.<\/p>\n<p style=\"padding-left: 40px;\">&#8211; La Charla (para ni\u00f1os de 6 a 10 a\u00f1os)<\/p>\n<p style=\"padding-left: 40px;\">&#8211; Cambios (para edades de 8 a 12)<\/p>\n<p style=\"padding-left: 40px;\">&#8211; Relaciones (para edades de 11 a 14)<\/p>\n<p><strong>Comprar tapa blanda en Amazon<\/strong><\/p>\n<p style=\"padding-left: 40px;\">&#8211; <a href=\"https:\/\/amzn.to\/2xxN7Z3\">La Charla<\/a><\/p>\n<p style=\"padding-left: 40px;\">&#8211; <a href=\"https:\/\/amzn.to\/2ytby9O\">Cambios<\/a><\/p>\n<p style=\"padding-left: 40px;\">&#8211; <a href=\"https:\/\/amzn.to\/3a54Tjl\">Relaciones<\/a><\/p>\n<p><strong>O compra los libros digitales aqu\u00ed<\/strong><\/p>\n","protected":false},"featured_media":39972,"comment_status":"open","ping_status":"closed","template":"","meta":{"_acf_changed":false,"_et_pb_use_builder":"","_et_pb_old_content":"","_et_gb_content_width":"","_genesis_hide_title":false,"_genesis_hide_breadcrumbs":false,"_genesis_hide_singular_image":false,"_genesis_hide_footer_widgets":false,"_genesis_custom_body_class":"","_genesis_custom_post_class":"","_genesis_layout":""},"product_brand":[],"product_cat":[132,221],"product_tag":[],"class_list":{"0":"post-39970","1":"product","2":"type-product","3":"status-publish","4":"has-post-thumbnail","6":"product_cat-sex-ed","7":"product_cat-sex-ed-series-spanish","8":"post","9":"entry","11":"first","12":"instock","13":"downloadable","14":"virtual","15":"taxable","16":"purchasable","17":"product-type-simple"},"bundled_by":[],"bundle_stock_status":"instock","bundle_stock_quantity":null,"bundle_virtual":false,"bundle_layout":"","bundle_add_to_cart_form_location":"","bundle_editable_in_cart":false,"bundle_sold_individually_context":"","bundle_item_grouping":"","bundle_min_size":"","bundle_max_size":"","bundle_price":[],"bundled_items":[],"bundle_sell_ids":[],"acf":[],"yoast_head":"<!-- This site is optimized with the Yoast SEO plugin v27.3 - https:\/\/yoast.com\/product\/yoast-seo-wordpress\/ -->\n<title>La Serie de Educaci\u00f3n Sexual {\u00a1Compre los 3 y ahorre!}<\/title>\n<meta name=\"robots\" content=\"index, follow, max-snippet:-1, max-image-preview:large, max-video-preview:-1\" \/>\n<link rel=\"canonical\" href=\"https:\/\/www.intoxicatedonlife.com\/store\/product\/la-serie-de-educacion-sexual\/\" \/>\n<meta property=\"og:locale\" content=\"en_US\" \/>\n<meta property=\"og:type\" content=\"article\" \/>\n<meta property=\"og:title\" content=\"La Serie de Educaci\u00f3n Sexual {\u00a1Compre los 3 y ahorre!}\" \/>\n<meta property=\"og:description\" content=\"Serie educaci\u00f3n sexual para padres cristianos: donde el estudio de la Biblia se encuentra con la biolog\u00eda ...  Si es como la mayor\u00eda de los padres, puede ser, en el mejor de los casos, un poco inquieto por hablar sobre temas sexuales con sus hijos y, en el peor, \u00a1francamente aterrorizado! Queremos ayudarlo a profundizar en estos temas. De hecho, le daremos un gui\u00f3n para que no tenga que pensar en sus pies.  Esta serie de 3 partes de estudios b\u00edblicos entre padres e hijos est\u00e1 dise\u00f1ada para ayudar a los ni\u00f1os a comprender la sexualidad b\u00edblica.  La serie de libros Talk lo guiar\u00e1 a trav\u00e9s de la introducci\u00f3n de su hijo a la sexualidad b\u00edblica, ayud\u00e1ndole a comprender los cambios que ocurren durante la pubertad, y ayudar\u00e1 a sus hijos a navegar las tentaciones sexuales que surgen en la adolescencia y la edad adulta.  Estos tres libros est\u00e1n disponibles individualmente o como un conjunto completo. Ahorre cuando compre los 3 libros juntos. - La Charla (para ni\u00f1os de 6 a 10 a\u00f1os) - Cambios (para edades de 8 a 12) - Relaciones (para edades de 11 a 14) Comprar tapa blanda en Amazon - La Charla - Cambios - Relaciones O compra los libros digitales aqu\u00ed\" \/>\n<meta property=\"og:url\" content=\"https:\/\/www.intoxicatedonlife.com\/store\/product\/la-serie-de-educacion-sexual\/\" \/>\n<meta property=\"og:site_name\" content=\"Intoxicated on Life Store\" \/>\n<meta property=\"article:modified_time\" content=\"2025-10-07T19:03:09+00:00\" \/>\n<meta property=\"og:image\" content=\"https:\/\/www.intoxicatedonlife.com\/store\/wp-content\/uploads\/2020\/04\/Sex-Ed-Series-in-Spanish.png\" \/>\n\t<meta property=\"og:image:width\" content=\"800\" \/>\n\t<meta property=\"og:image:height\" content=\"800\" \/>\n\t<meta property=\"og:image:type\" content=\"image\/png\" \/>\n<meta name=\"twitter:card\" content=\"summary_large_image\" \/>\n<meta name=\"twitter:label1\" content=\"Est. reading time\" \/>\n\t<meta name=\"twitter:data1\" content=\"5 minutes\" \/>\n<script type=\"application\/ld+json\" class=\"yoast-schema-graph\">{\"@context\":\"https:\\\/\\\/schema.org\",\"@graph\":[{\"@type\":\"WebPage\",\"@id\":\"https:\\\/\\\/www.intoxicatedonlife.com\\\/store\\\/product\\\/la-serie-de-educacion-sexual\\\/\",\"url\":\"https:\\\/\\\/www.intoxicatedonlife.com\\\/store\\\/product\\\/la-serie-de-educacion-sexual\\\/\",\"name\":\"La Serie de Educaci\u00f3n Sexual {\u00a1Compre los 3 y ahorre!}\",\"isPartOf\":{\"@id\":\"https:\\\/\\\/www.intoxicatedonlife.com\\\/store\\\/#website\"},\"primaryImageOfPage\":{\"@id\":\"https:\\\/\\\/www.intoxicatedonlife.com\\\/store\\\/product\\\/la-serie-de-educacion-sexual\\\/#primaryimage\"},\"image\":{\"@id\":\"https:\\\/\\\/www.intoxicatedonlife.com\\\/store\\\/product\\\/la-serie-de-educacion-sexual\\\/#primaryimage\"},\"thumbnailUrl\":\"https:\\\/\\\/www.intoxicatedonlife.com\\\/store\\\/wp-content\\\/uploads\\\/2020\\\/04\\\/Sex-Ed-Series-in-Spanish.png\",\"datePublished\":\"2020-04-19T12:51:43+00:00\",\"dateModified\":\"2025-10-07T19:03:09+00:00\",\"breadcrumb\":{\"@id\":\"https:\\\/\\\/www.intoxicatedonlife.com\\\/store\\\/product\\\/la-serie-de-educacion-sexual\\\/#breadcrumb\"},\"inLanguage\":\"en-US\",\"potentialAction\":[{\"@type\":\"ReadAction\",\"target\":[\"https:\\\/\\\/www.intoxicatedonlife.com\\\/store\\\/product\\\/la-serie-de-educacion-sexual\\\/\"]}]},{\"@type\":\"ImageObject\",\"inLanguage\":\"en-US\",\"@id\":\"https:\\\/\\\/www.intoxicatedonlife.com\\\/store\\\/product\\\/la-serie-de-educacion-sexual\\\/#primaryimage\",\"url\":\"https:\\\/\\\/www.intoxicatedonlife.com\\\/store\\\/wp-content\\\/uploads\\\/2020\\\/04\\\/Sex-Ed-Series-in-Spanish.png\",\"contentUrl\":\"https:\\\/\\\/www.intoxicatedonlife.com\\\/store\\\/wp-content\\\/uploads\\\/2020\\\/04\\\/Sex-Ed-Series-in-Spanish.png\",\"width\":800,\"height\":800},{\"@type\":\"BreadcrumbList\",\"@id\":\"https:\\\/\\\/www.intoxicatedonlife.com\\\/store\\\/product\\\/la-serie-de-educacion-sexual\\\/#breadcrumb\",\"itemListElement\":[{\"@type\":\"ListItem\",\"position\":1,\"name\":\"Home\",\"item\":\"https:\\\/\\\/www.intoxicatedonlife.com\\\/store\\\/\"},{\"@type\":\"ListItem\",\"position\":2,\"name\":\"Shop\",\"item\":\"https:\\\/\\\/www.intoxicatedonlife.com\\\/store\\\/shop\\\/\"},{\"@type\":\"ListItem\",\"position\":3,\"name\":\"La Serie de Educaci\u00f3n Sexual {\u00a1Compre los 3 y ahorre!}\"}]},{\"@type\":\"WebSite\",\"@id\":\"https:\\\/\\\/www.intoxicatedonlife.com\\\/store\\\/#website\",\"url\":\"https:\\\/\\\/www.intoxicatedonlife.com\\\/store\\\/\",\"name\":\"Intoxicated on Life Store\",\"description\":\"Resources for Raising Strong Families\",\"potentialAction\":[{\"@type\":\"SearchAction\",\"target\":{\"@type\":\"EntryPoint\",\"urlTemplate\":\"https:\\\/\\\/www.intoxicatedonlife.com\\\/store\\\/?s={search_term_string}\"},\"query-input\":{\"@type\":\"PropertyValueSpecification\",\"valueRequired\":true,\"valueName\":\"search_term_string\"}}],\"inLanguage\":\"en-US\"}]}<\/script>\n<!-- \/ Yoast SEO plugin. -->","yoast_head_json":{"title":"La Serie de Educaci\u00f3n Sexual {\u00a1Compre los 3 y ahorre!}","robots":{"index":"index","follow":"follow","max-snippet":"max-snippet:-1","max-image-preview":"max-image-preview:large","max-video-preview":"max-video-preview:-1"},"canonical":"https:\/\/www.intoxicatedonlife.com\/store\/product\/la-serie-de-educacion-sexual\/","og_locale":"en_US","og_type":"article","og_title":"La Serie de Educaci\u00f3n Sexual {\u00a1Compre los 3 y ahorre!}","og_description":"Serie educaci\u00f3n sexual para padres cristianos: donde el estudio de la Biblia se encuentra con la biolog\u00eda ...  Si es como la mayor\u00eda de los padres, puede ser, en el mejor de los casos, un poco inquieto por hablar sobre temas sexuales con sus hijos y, en el peor, \u00a1francamente aterrorizado! Queremos ayudarlo a profundizar en estos temas. De hecho, le daremos un gui\u00f3n para que no tenga que pensar en sus pies.  Esta serie de 3 partes de estudios b\u00edblicos entre padres e hijos est\u00e1 dise\u00f1ada para ayudar a los ni\u00f1os a comprender la sexualidad b\u00edblica.  La serie de libros Talk lo guiar\u00e1 a trav\u00e9s de la introducci\u00f3n de su hijo a la sexualidad b\u00edblica, ayud\u00e1ndole a comprender los cambios que ocurren durante la pubertad, y ayudar\u00e1 a sus hijos a navegar las tentaciones sexuales que surgen en la adolescencia y la edad adulta.  Estos tres libros est\u00e1n disponibles individualmente o como un conjunto completo. Ahorre cuando compre los 3 libros juntos. - La Charla (para ni\u00f1os de 6 a 10 a\u00f1os) - Cambios (para edades de 8 a 12) - Relaciones (para edades de 11 a 14) Comprar tapa blanda en Amazon - La Charla - Cambios - Relaciones O compra los libros digitales aqu\u00ed","og_url":"https:\/\/www.intoxicatedonlife.com\/store\/product\/la-serie-de-educacion-sexual\/","og_site_name":"Intoxicated on Life Store","article_modified_time":"2025-10-07T19:03:09+00:00","og_image":[{"width":800,"height":800,"url":"https:\/\/www.intoxicatedonlife.com\/store\/wp-content\/uploads\/2020\/04\/Sex-Ed-Series-in-Spanish.png","type":"image\/png"}],"twitter_card":"summary_large_image","twitter_misc":{"Est. reading time":"5 minutes"},"schema":{"@context":"https:\/\/schema.org","@graph":[{"@type":"WebPage","@id":"https:\/\/www.intoxicatedonlife.com\/store\/product\/la-serie-de-educacion-sexual\/","url":"https:\/\/www.intoxicatedonlife.com\/store\/product\/la-serie-de-educacion-sexual\/","name":"La Serie de Educaci\u00f3n Sexual {\u00a1Compre los 3 y ahorre!}","isPartOf":{"@id":"https:\/\/www.intoxicatedonlife.com\/store\/#website"},"primaryImageOfPage":{"@id":"https:\/\/www.intoxicatedonlife.com\/store\/product\/la-serie-de-educacion-sexual\/#primaryimage"},"image":{"@id":"https:\/\/www.intoxicatedonlife.com\/store\/product\/la-serie-de-educacion-sexual\/#primaryimage"},"thumbnailUrl":"https:\/\/www.intoxicatedonlife.com\/store\/wp-content\/uploads\/2020\/04\/Sex-Ed-Series-in-Spanish.png","datePublished":"2020-04-19T12:51:43+00:00","dateModified":"2025-10-07T19:03:09+00:00","breadcrumb":{"@id":"https:\/\/www.intoxicatedonlife.com\/store\/product\/la-serie-de-educacion-sexual\/#breadcrumb"},"inLanguage":"en-US","potentialAction":[{"@type":"ReadAction","target":["https:\/\/www.intoxicatedonlife.com\/store\/product\/la-serie-de-educacion-sexual\/"]}]},{"@type":"ImageObject","inLanguage":"en-US","@id":"https:\/\/www.intoxicatedonlife.com\/store\/product\/la-serie-de-educacion-sexual\/#primaryimage","url":"https:\/\/www.intoxicatedonlife.com\/store\/wp-content\/uploads\/2020\/04\/Sex-Ed-Series-in-Spanish.png","contentUrl":"https:\/\/www.intoxicatedonlife.com\/store\/wp-content\/uploads\/2020\/04\/Sex-Ed-Series-in-Spanish.png","width":800,"height":800},{"@type":"BreadcrumbList","@id":"https:\/\/www.intoxicatedonlife.com\/store\/product\/la-serie-de-educacion-sexual\/#breadcrumb","itemListElement":[{"@type":"ListItem","position":1,"name":"Home","item":"https:\/\/www.intoxicatedonlife.com\/store\/"},{"@type":"ListItem","position":2,"name":"Shop","item":"https:\/\/www.intoxicatedonlife.com\/store\/shop\/"},{"@type":"ListItem","position":3,"name":"La Serie de Educaci\u00f3n Sexual {\u00a1Compre los 3 y ahorre!}"}]},{"@type":"WebSite","@id":"https:\/\/www.intoxicatedonlife.com\/store\/#website","url":"https:\/\/www.intoxicatedonlife.com\/store\/","name":"Intoxicated on Life Store","description":"Resources for Raising Strong Families","potentialAction":[{"@type":"SearchAction","target":{"@type":"EntryPoint","urlTemplate":"https:\/\/www.intoxicatedonlife.com\/store\/?s={search_term_string}"},"query-input":{"@type":"PropertyValueSpecification","valueRequired":true,"valueName":"search_term_string"}}],"inLanguage":"en-US"}]}},"_links":{"self":[{"href":"https:\/\/www.intoxicatedonlife.com\/store\/wp-json\/wp\/v2\/product\/39970","targetHints":{"allow":["GET"]}}],"collection":[{"href":"https:\/\/www.intoxicatedonlife.com\/store\/wp-json\/wp\/v2\/product"}],"about":[{"href":"https:\/\/www.intoxicatedonlife.com\/store\/wp-json\/wp\/v2\/types\/product"}],"replies":[{"embeddable":true,"href":"https:\/\/www.intoxicatedonlife.com\/store\/wp-json\/wp\/v2\/comments?post=39970"}],"wp:featuredmedia":[{"embeddable":true,"href":"https:\/\/www.intoxicatedonlife.com\/store\/wp-json\/wp\/v2\/media\/39972"}],"wp:attachment":[{"href":"https:\/\/www.intoxicatedonlife.com\/store\/wp-json\/wp\/v2\/media?parent=39970"}],"wp:term":[{"taxonomy":"product_brand","embeddable":true,"href":"https:\/\/www.intoxicatedonlife.com\/store\/wp-json\/wp\/v2\/product_brand?post=39970"},{"taxonomy":"product_cat","embeddable":true,"href":"https:\/\/www.intoxicatedonlife.com\/store\/wp-json\/wp\/v2\/product_cat?post=39970"},{"taxonomy":"product_tag","embeddable":true,"href":"https:\/\/www.intoxicatedonlife.com\/store\/wp-json\/wp\/v2\/product_tag?post=39970"}],"curies":[{"name":"wp","href":"https:\/\/api.w.org\/{rel}","templated":true}]}}